{"id":2826,"date":"2021-04-13T10:46:04","date_gmt":"2021-04-13T08:46:04","guid":{"rendered":"https:\/\/www.arhides.si\/about-cookies\/"},"modified":"2024-04-22T14:26:48","modified_gmt":"2024-04-22T12:26:48","slug":"about-cookies","status":"publish","type":"page","link":"https:\/\/www.arhides.si\/en\/about-cookies\/","title":{"rendered":"About cookies"},"content":{"rendered":"<div class=\"wpb-content-wrapper\"><p>[vc_row][vc_column][vc_column_text]<\/p>\n<h3>Kaj je pi\u0161kotek?<\/h3>\n<p>Pi\u0161kotki so male besedilne datoteke, ki jih ve\u010dina spletnih mest shrani v naprave uporabnikov s katerimi dostopajo do interneta z namenom prepoznavanja posameznih naprav, ki so jih uporabniki uporabili pri dostopu. Njihovo shranjevanje je pod popolnim nadzorom brskalnika, ki ga uporablja uporabnik \u2013 ta lahko shranjevanje pi\u0161kotkov po \u017eelji omeji ali onemogo\u010di.<\/p>\n<h3>Zakaj so pi\u0161kotki potrebni?<\/h3>\n<p>Pi\u0161kotki so temeljnega pomena za zagotavljanje uporabniku prijaznih spletnih storitev. Najpogostej\u0161e funkcije eposlovanja ne bi bile mogo\u010de brez pi\u0161kotkov. Interakcija med spletnim uporabnikom in spletno stranjo je s pomo\u010djo pi\u0161kotkov hitrej\u0161a in enostavnej\u0161a. Z njihovo pomo\u010djo si spletna stran zapomni posameznikove preference in izku\u0161nje, s tem je prihranjen \u010das, brskanje po spletnih straneh pa je s tem bolj u\u010dinkovito in prijetno. Pi\u0161kotke uporablja ve\u010dina spletnih strani, so priro\u010dno sredstvo za ohranjanje sve\u017ee in primerne vsebine, ki je v skladu z interesi in preferencami posameznega spletnega uporabnika. Razlogov za uporabo pi\u0161kotkov je tako ve\u010d, kot prvi gotovo njihova lastnost shranjevanja podatkov o stanju posamezne spletne strani (podrobnosti o prilagoditvah posamezne spletne strani), pomagajo pri izvajanju raznih spletnih storitev (spletne trgovine), pomagajo pri zbiranju raznih statistik, o navadah spletnega uporabnika \u2013 saj se le z njimi lahko spremlja pogostost obiskovanja dolo\u010dene spletne strani. Podjetja lahko s pomo\u010djo pi\u0161kotkov ocenijo u\u010dinkovitost zasnove svojih spletnih strani, kot tudi ustreznost vrste in \u0161tevila oglasov, ki jih ponujajo uporabnikom na svojih spletnih straneh.<\/p>\n<p>Vedno imate mo\u017enost, da pi\u0161kotke sprejmete ali zavrnete. Ve\u010dina spletnih brskalnikov samodejno sprejme pi\u0161kotke, kar lahko spremenite v nastavitvah tako, da ra\u010dunalnik pi\u0161kotke zavrne ali pa da prejmete opozorilo, preden se pi\u0161kotek shrani.<br \/>\nNastavitve pi\u0161kotkov v brskalnikih<\/p>\n<p>Za informacije o nastavitvah pi\u0161kotkov kliknite na ime va\u0161ega brskalnika:<\/p>\n<p><a  href=\"https:\/\/www.arhides.si\/en\/?goto=UEUwSF0WDkEWKBo_PCFbelUcDBJVNAkKOUNZfyg3ElACYyQpHQFAJjNMWkI5CFQWEglXMS0dIS0HCFkDXxlET1NeMFNLE1MLATQYKjAnQztbEhoeBCsEAiRUWjkpPl5PEyA6L0slDCIxCFxGLghWGk0HTTFrGyhpAARMDQYAW1VKUDBdBVxISyZoTw5iOEAgXQ\">Firefox<\/a><\/p>\n<p><a  href=\"https:\/\/www.arhides.si\/en\/?goto=UEUwSF0WDkEWKBo_PCFbel8cGRxVPUZHOVwRMzMpUlYFYy4mBRkIO3EaCBtuVh8bU1tKOG0BKmQUXE4WHDZOU1daLV1d\">Chrome<\/a><\/p>\n<p><a  href=\"https:\/\/www.arhides.si\/en\/?goto=UEUwSF0WDkEWKBo_PCFbelUaFQlWKwdCIh9dPzZ0TldNPyZnHgsBOXESChluUw8EVghdOzcBaysKFUgUHAxZEV1JNFRBXkQcSDkPIzYnSnlVEhgaXj1FRzleVTk-KA\">Internet Explorer<\/a><\/p>\n<p><a  href=\"https:\/\/www.arhides.si\/en\/?goto=UEUwSF0WDkESKh1hPCNKJlldFRRUdwBBOkERJC4vUkkJLSM7WR0IKitRVFkjTlABVhBYNzld\">Opera<\/a><\/p>\n<p><a  href=\"https:\/\/www.arhides.si\/en\/?goto=UEUwSF0WDkEWKBo_PCFbelkDBhdcdgtLOx5bPnYuThQoGH14R1xbfA\">Safari<\/a><\/p>\n<h3>Uporaba pi\u0161kotkov na na\u0161i spletni strani<\/h3>\n<p>Na\u0161a spletna stran uporablja pi\u0161kotke, ki naredijo spletno stran uporabno, saj omogo\u010dajo osnovne funkcije. Spletna stran brez teh pi\u0161kotkov ne deluje pravilno.<\/p>\n<p>Vrste pi\u0161kotkov, ki jih uporabljamo:<\/p>\n<table style=\"width: 100%;\" border=\"1px\" cellspacing=\"5\" cellpadding=\"5\">\n<tbody>\n<tr>\n<td><strong>Ime<\/strong><\/td>\n<td><strong>Namen<\/strong><\/td>\n<td><strong>Trajanje<\/strong><\/td>\n<td><strong>Posredovanje tretjim<\/strong><\/td>\n<td><strong>Privolitev uporabnika<\/strong><\/td>\n<\/tr>\n<tr>\n<td>_ga<\/td>\n<td>Za spremljanje \u0161tevila obiskov na strani<\/td>\n<td>2 leti<\/td>\n<td>DA (Google inc.)<\/td>\n<td>DA<\/td>\n<\/tr>\n<tr>\n<td>_gid<\/td>\n<td>Spremljanje analitike<\/td>\n<td>1 dan<\/td>\n<td>DA (Google inc.)<\/td>\n<td>DA<\/td>\n<\/tr>\n<tr>\n<td>_gat_gtag_UA_154502943_1<\/td>\n<td>Preverjanje zahtevkov<\/td>\n<td>1 minuta<\/td>\n<td>NE<\/td>\n<td>DA<\/td>\n<\/tr>\n<tr>\n<td>_GRECAPTCHA<\/td>\n<td>Preverjanje pristnosti uporabnika (prepoznavanje botov za za\u0161\u010dito spletnega mesta pred zlonamernimi napadi ne\u017eelene po\u0161te).<\/td>\n<td>6 mesecev<\/td>\n<td>DA (Google inc.)<\/td>\n<td>NE<\/td>\n<\/tr>\n<tr>\n<td>cookielawinfo-checkbox-advertisement<br \/>\ncookielawinfo-checkbox-analytics<br \/>\ncookielawinfo-checkbox-functional<br \/>\ncookielawinfo-checkbox-necessary<br \/>\ncookielawinfo-checkbox-others<br \/>\ncookielawinfo-checkbox-performance<\/td>\n<td>Bele\u017eenje uporabnikove privolitve za pi\u0161kotke.<\/td>\n<td>1 leto<\/td>\n<td>NE<\/td>\n<td>DA<\/td>\n<\/tr>\n<tr>\n<td>CookieLawInfoConsent<\/td>\n<td>Bele\u017eenje uporabnikove privolitve za pi\u0161kotke.<\/td>\n<td>1 leto<\/td>\n<td>NE<\/td>\n<td>DA<\/td>\n<\/tr>\n<tr>\n<td>viewed_cookie_policy<\/td>\n<td>Bele\u017eenje uporabnikove privolitve za pi\u0161kotke.<\/td>\n<td>1 leto<\/td>\n<td>NE<\/td>\n<td>DA<\/td>\n<\/tr>\n<tr>\n<td>ASP.NET_Sesssionld<br \/>\nLanguageCookie<\/td>\n<td>Bele\u017eenje seje med uporabnikovim obiskom spletne strani.<\/td>\n<td>seja<\/td>\n<td>DA (aaa.bisnode.si)<\/td>\n<td>NE<\/td>\n<\/tr>\n<\/tbody>\n<\/table>\n<p>[\/vc_column_text][\/vc_column][\/vc_row]<\/p>\n<\/div>","protected":false},"excerpt":{"rendered":"<p>[vc_row][vc_column][vc_column_text] Kaj je pi\u0161kotek? Pi\u0161kotki so male besedilne datoteke, ki jih ve\u010dina spletnih mest shrani v naprave uporabnikov s katerimi dostopajo do interneta z namenom prepoznavanja posameznih naprav, ki so jih uporabniki uporabili pri dostopu. Njihovo shranjevanje je pod popolnim nadzorom brskalnika, ki ga uporablja uporabnik \u2013 ta lahko shranjevanje pi\u0161kotkov po \u017eelji omeji ali<\/p>\n","protected":false},"author":2,"featured_media":0,"parent":0,"menu_order":0,"comment_status":"closed","ping_status":"closed","template":"","meta":{"footnotes":""},"class_list":["post-2826","page","type-page","status-publish","hentry"],"yoast_head":"<!-- This site is optimized with the Yoast SEO plugin v27.5 - https:\/\/yoast.com\/product\/yoast-seo-wordpress\/ -->\n<title>About cookies - Arhides<\/title>\n<meta name=\"robots\" content=\"index, follow, max-snippet:-1, max-image-preview:large, max-video-preview:-1\" \/>\n<link rel=\"canonical\" href=\"https:\/\/www.arhides.si\/en\/about-cookies\/\" \/>\n<meta property=\"og:locale\" content=\"en_US\" \/>\n<meta property=\"og:type\" content=\"article\" \/>\n<meta property=\"og:title\" content=\"About cookies - Arhides\" \/>\n<meta property=\"og:description\" content=\"[vc_row][vc_column][vc_column_text] Kaj je pi\u0161kotek? Pi\u0161kotki so male besedilne datoteke, ki jih ve\u010dina spletnih mest shrani v naprave uporabnikov s katerimi dostopajo do interneta z namenom prepoznavanja posameznih naprav, ki so jih uporabniki uporabili pri dostopu. Njihovo shranjevanje je pod popolnim nadzorom brskalnika, ki ga uporablja uporabnik \u2013 ta lahko shranjevanje pi\u0161kotkov po \u017eelji omeji ali\" \/>\n<meta property=\"og:url\" content=\"https:\/\/www.arhides.si\/en\/about-cookies\/\" \/>\n<meta property=\"og:site_name\" content=\"Arhides\" \/>\n<meta property=\"article:modified_time\" content=\"2024-04-22T12:26:48+00:00\" \/>\n<meta name=\"twitter:card\" content=\"summary_large_image\" \/>\n<meta name=\"twitter:label1\" content=\"Est. reading time\" \/>\n\t<meta name=\"twitter:data1\" content=\"3 minutes\" \/>\n<script type=\"application\/ld+json\" class=\"yoast-schema-graph\">{\"@context\":\"https:\\\/\\\/schema.org\",\"@graph\":[{\"@type\":\"WebPage\",\"@id\":\"https:\\\/\\\/www.arhides.si\\\/en\\\/about-cookies\\\/\",\"url\":\"https:\\\/\\\/www.arhides.si\\\/en\\\/about-cookies\\\/\",\"name\":\"About cookies - Arhides\",\"isPartOf\":{\"@id\":\"https:\\\/\\\/www.arhides.si\\\/en\\\/#website\"},\"datePublished\":\"2021-04-13T08:46:04+00:00\",\"dateModified\":\"2024-04-22T12:26:48+00:00\",\"breadcrumb\":{\"@id\":\"https:\\\/\\\/www.arhides.si\\\/en\\\/about-cookies\\\/#breadcrumb\"},\"inLanguage\":\"en-US\",\"potentialAction\":[{\"@type\":\"ReadAction\",\"target\":[\"https:\\\/\\\/www.arhides.si\\\/en\\\/about-cookies\\\/\"]}]},{\"@type\":\"BreadcrumbList\",\"@id\":\"https:\\\/\\\/www.arhides.si\\\/en\\\/about-cookies\\\/#breadcrumb\",\"itemListElement\":[{\"@type\":\"ListItem\",\"position\":1,\"name\":\"Home\",\"item\":\"https:\\\/\\\/www.arhides.si\\\/en\\\/\"},{\"@type\":\"ListItem\",\"position\":2,\"name\":\"About cookies\"}]},{\"@type\":\"WebSite\",\"@id\":\"https:\\\/\\\/www.arhides.si\\\/en\\\/#website\",\"url\":\"https:\\\/\\\/www.arhides.si\\\/en\\\/\",\"name\":\"Arhides\",\"description\":\"Sodobne informacijske tehnologije\",\"publisher\":{\"@id\":\"https:\\\/\\\/www.arhides.si\\\/en\\\/#organization\"},\"potentialAction\":[{\"@type\":\"SearchAction\",\"target\":{\"@type\":\"EntryPoint\",\"urlTemplate\":\"https:\\\/\\\/www.arhides.si\\\/en\\\/?s={search_term_string}\"},\"query-input\":{\"@type\":\"PropertyValueSpecification\",\"valueRequired\":true,\"valueName\":\"search_term_string\"}}],\"inLanguage\":\"en-US\"},{\"@type\":\"Organization\",\"@id\":\"https:\\\/\\\/www.arhides.si\\\/en\\\/#organization\",\"name\":\"Arhides\",\"url\":\"https:\\\/\\\/www.arhides.si\\\/en\\\/\",\"logo\":{\"@type\":\"ImageObject\",\"inLanguage\":\"en-US\",\"@id\":\"https:\\\/\\\/www.arhides.si\\\/en\\\/#\\\/schema\\\/logo\\\/image\\\/\",\"url\":\"https:\\\/\\\/www.arhides.si\\\/wp-content\\\/uploads\\\/2019\\\/02\\\/01-Arhides-logo.svg\",\"contentUrl\":\"https:\\\/\\\/www.arhides.si\\\/wp-content\\\/uploads\\\/2019\\\/02\\\/01-Arhides-logo.svg\",\"width\":190.59,\"height\":60.39,\"caption\":\"Arhides\"},\"image\":{\"@id\":\"https:\\\/\\\/www.arhides.si\\\/en\\\/#\\\/schema\\\/logo\\\/image\\\/\"}}]}<\/script>\n<!-- \/ Yoast SEO plugin. -->","yoast_head_json":{"title":"About cookies - Arhides","robots":{"index":"index","follow":"follow","max-snippet":"max-snippet:-1","max-image-preview":"max-image-preview:large","max-video-preview":"max-video-preview:-1"},"canonical":"https:\/\/www.arhides.si\/en\/about-cookies\/","og_locale":"en_US","og_type":"article","og_title":"About cookies - Arhides","og_description":"[vc_row][vc_column][vc_column_text] Kaj je pi\u0161kotek? Pi\u0161kotki so male besedilne datoteke, ki jih ve\u010dina spletnih mest shrani v naprave uporabnikov s katerimi dostopajo do interneta z namenom prepoznavanja posameznih naprav, ki so jih uporabniki uporabili pri dostopu. Njihovo shranjevanje je pod popolnim nadzorom brskalnika, ki ga uporablja uporabnik \u2013 ta lahko shranjevanje pi\u0161kotkov po \u017eelji omeji ali","og_url":"https:\/\/www.arhides.si\/en\/about-cookies\/","og_site_name":"Arhides","article_modified_time":"2024-04-22T12:26:48+00:00","twitter_card":"summary_large_image","twitter_misc":{"Est. reading time":"3 minutes"},"schema":{"@context":"https:\/\/schema.org","@graph":[{"@type":"WebPage","@id":"https:\/\/www.arhides.si\/en\/about-cookies\/","url":"https:\/\/www.arhides.si\/en\/about-cookies\/","name":"About cookies - Arhides","isPartOf":{"@id":"https:\/\/www.arhides.si\/en\/#website"},"datePublished":"2021-04-13T08:46:04+00:00","dateModified":"2024-04-22T12:26:48+00:00","breadcrumb":{"@id":"https:\/\/www.arhides.si\/en\/about-cookies\/#breadcrumb"},"inLanguage":"en-US","potentialAction":[{"@type":"ReadAction","target":["https:\/\/www.arhides.si\/en\/about-cookies\/"]}]},{"@type":"BreadcrumbList","@id":"https:\/\/www.arhides.si\/en\/about-cookies\/#breadcrumb","itemListElement":[{"@type":"ListItem","position":1,"name":"Home","item":"https:\/\/www.arhides.si\/en\/"},{"@type":"ListItem","position":2,"name":"About cookies"}]},{"@type":"WebSite","@id":"https:\/\/www.arhides.si\/en\/#website","url":"https:\/\/www.arhides.si\/en\/","name":"Arhides","description":"Sodobne informacijske tehnologije","publisher":{"@id":"https:\/\/www.arhides.si\/en\/#organization"},"potentialAction":[{"@type":"SearchAction","target":{"@type":"EntryPoint","urlTemplate":"https:\/\/www.arhides.si\/en\/?s={search_term_string}"},"query-input":{"@type":"PropertyValueSpecification","valueRequired":true,"valueName":"search_term_string"}}],"inLanguage":"en-US"},{"@type":"Organization","@id":"https:\/\/www.arhides.si\/en\/#organization","name":"Arhides","url":"https:\/\/www.arhides.si\/en\/","logo":{"@type":"ImageObject","inLanguage":"en-US","@id":"https:\/\/www.arhides.si\/en\/#\/schema\/logo\/image\/","url":"https:\/\/www.arhides.si\/wp-content\/uploads\/2019\/02\/01-Arhides-logo.svg","contentUrl":"https:\/\/www.arhides.si\/wp-content\/uploads\/2019\/02\/01-Arhides-logo.svg","width":190.59,"height":60.39,"caption":"Arhides"},"image":{"@id":"https:\/\/www.arhides.si\/en\/#\/schema\/logo\/image\/"}}]}},"amp_enabled":true,"_links":{"self":[{"href":"https:\/\/www.arhides.si\/en\/wp-json\/wp\/v2\/pages\/2826","targetHints":{"allow":["GET"]}}],"collection":[{"href":"https:\/\/www.arhides.si\/en\/wp-json\/wp\/v2\/pages"}],"about":[{"href":"https:\/\/www.arhides.si\/en\/wp-json\/wp\/v2\/types\/page"}],"author":[{"embeddable":true,"href":"https:\/\/www.arhides.si\/en\/wp-json\/wp\/v2\/users\/2"}],"replies":[{"embeddable":true,"href":"https:\/\/www.arhides.si\/en\/wp-json\/wp\/v2\/comments?post=2826"}],"version-history":[{"count":10,"href":"https:\/\/www.arhides.si\/en\/wp-json\/wp\/v2\/pages\/2826\/revisions"}],"predecessor-version":[{"id":2947,"href":"https:\/\/www.arhides.si\/en\/wp-json\/wp\/v2\/pages\/2826\/revisions\/2947"}],"wp:attachment":[{"href":"https:\/\/www.arhides.si\/en\/wp-json\/wp\/v2\/media?parent=2826"}],"curies":[{"name":"wp","href":"https:\/\/api.w.org\/{rel}","templated":true}]}}